{"id":8,"date":"2023-05-14T15:18:23","date_gmt":"2023-05-14T13:18:23","guid":{"rendered":"http:\/\/2138845.cpsw-fcsei.com\/tp2\/wordpress\/?page_id=8"},"modified":"2023-05-27T03:25:45","modified_gmt":"2023-05-27T01:25:45","slug":"accueil","status":"publish","type":"page","link":"https:\/\/2138845.cpsw-fcsei.com\/tp2\/wordpress\/","title":{"rendered":""},"content":{"rendered":"\n<div class=\"wp-block-cover alignfull banner\" style=\"padding-top:0;padding-right:0;padding-bottom:0;padding-left:0;min-height:416px;aspect-ratio:unset;\"><span aria-hidden=\"true\" class=\"wp-block-cover__background has-background-dim\"><\/span><img loading=\"lazy\" decoding=\"async\" width=\"1800\" height=\"600\" class=\"wp-block-cover__image-background wp-image-117\" alt=\"\" src=\"http:\/\/2138845.cpsw-fcsei.com\/tp2\/wordpress\/wp-content\/uploads\/2023\/05\/banniere-1.jpg\" data-object-fit=\"cover\" srcset=\"https:\/\/2138845.cpsw-fcsei.com\/tp2\/wordpress\/wp-content\/uploads\/2023\/05\/banniere-1.jpg 1800w, https:\/\/2138845.cpsw-fcsei.com\/tp2\/wordpress\/wp-content\/uploads\/2023\/05\/banniere-1-300x100.jpg 300w, https:\/\/2138845.cpsw-fcsei.com\/tp2\/wordpress\/wp-content\/uploads\/2023\/05\/banniere-1-1024x341.jpg 1024w, https:\/\/2138845.cpsw-fcsei.com\/tp2\/wordpress\/wp-content\/uploads\/2023\/05\/banniere-1-768x256.jpg 768w, https:\/\/2138845.cpsw-fcsei.com\/tp2\/wordpress\/wp-content\/uploads\/2023\/05\/banniere-1-1536x512.jpg 1536w\" sizes=\"auto, (max-width: 1800px) 100vw, 1800px\" \/><div class=\"wp-block-cover__inner-container is-layout-flow wp-block-cover-is-layout-flow\">\n<div class=\"wp-block-group is-layout-flow wp-block-group-is-layout-flow\" style=\"padding-top:0;padding-right:35%;padding-bottom:0;padding-left:25%\">\n<h2 class=\"wp-block-heading has-text-align-left has-large-font-size\">MONTVOYAGE<\/h2>\n\n\n\n<p><\/p>\n\n\n\n<hr class=\"wp-block-separator has-alpha-channel-opacity\"\/>\n\n\n\n<p><strong>Explorez le monde pas \u00e0 pas !<\/strong><\/p>\n\n\n\n<p>MontVoyage est une entreprise qu\u00e9b\u00e9coise de voyage ax\u00e9e sur la randonn\u00e9e en montagne, offrant des exp\u00e9riences uniques \u00e0 des clients de tous niveaux. Ils ont des guides exp\u00e9riment\u00e9s et travaillent avec des partenaires locaux pour minimiser leur impact sur l&rsquo;environnement et soutenir les communaut\u00e9s locales. Les voyages sont soigneusement planifi\u00e9s pour assurer le confort et la s\u00e9curit\u00e9 des clients, avec des conseils pr\u00e9alables au voyage pour les aider \u00e0 se pr\u00e9parer physiquement et mentalement.<\/p>\n\n\n\n<div class=\"wp-block-buttons btn is-layout-flex wp-block-buttons-is-layout-flex\">\n<div class=\"wp-block-button is-style-fill\"><a class=\"wp-block-button__link wp-element-button\" style=\"border-radius:5px\">Contactez-nous<\/a><\/div>\n<\/div>\n<\/div>\n<\/div><\/div>\n\n\n\n<div class=\"wp-block-group has-global-padding is-layout-constrained wp-block-group-is-layout-constrained\">\n<div class=\"wp-block-group alignwide is-horizontal is-content-justification-space-between is-nowrap is-layout-flex wp-container-core-group-is-layout-daa7ef37 wp-block-group-is-layout-flex\" style=\"padding-top:30px;padding-bottom:10px;padding-left:0px\">\n<h2 class=\"wp-block-heading\" style=\"font-size:24px\">PROCHAINS VOYAGES<\/h2>\n\n\n\n<p class=\"has-medium-font-size\"><a href=\"http:\/\/2138845.cpsw-fcsei.com\/tp2\/wordpress\/voyages\/\" data-type=\"page\" data-id=\"11\">Tous les voyages<\/a><\/p>\n<\/div>\n\n\n\n<div class=\"wp-block-query alignwide has-global-padding is-layout-constrained wp-block-query-is-layout-constrained\"><ul class=\"is-flex-container columns-3 alignwide wp-block-post-template is-layout-flow wp-block-post-template-is-layout-flow\"><li class=\"wp-block-post post-41 post type-post status-publish format-standard has-post-thumbnail hentry category-voyage\">\n\n<div class=\"wp-block-group has-white-background-color has-background has-global-padding is-layout-constrained wp-container-core-group-is-layout-475bf589 wp-block-group-is-layout-constrained\" style=\"padding-top:0;padding-right:0;padding-bottom:0;padding-left:0\"><figure class=\"wp-block-post-featured-image\"><a href=\"https:\/\/2138845.cpsw-fcsei.com\/tp2\/wordpress\/himalaya-nepalais\/\" target=\"_self\"  ><img loading=\"lazy\" decoding=\"async\" width=\"1024\" height=\"650\" src=\"https:\/\/2138845.cpsw-fcsei.com\/tp2\/wordpress\/wp-content\/uploads\/2023\/05\/himalaya-1.jpg\" class=\"attachment-post-thumbnail size-post-thumbnail wp-post-image\" alt=\"Himalaya n\u00e9palais\" style=\"object-fit:cover;\" srcset=\"https:\/\/2138845.cpsw-fcsei.com\/tp2\/wordpress\/wp-content\/uploads\/2023\/05\/himalaya-1.jpg 1024w, https:\/\/2138845.cpsw-fcsei.com\/tp2\/wordpress\/wp-content\/uploads\/2023\/05\/himalaya-1-300x190.jpg 300w, https:\/\/2138845.cpsw-fcsei.com\/tp2\/wordpress\/wp-content\/uploads\/2023\/05\/himalaya-1-768x488.jpg 768w\" sizes=\"auto, (max-width: 1024px) 100vw, 1024px\" \/><\/a><\/figure>\n\n\n<div class=\"wp-block-group has-global-padding is-layout-constrained wp-container-core-group-is-layout-669aa78b wp-block-group-is-layout-constrained\" style=\"padding-top:var(--wp--preset--spacing--50);padding-right:var(--wp--preset--spacing--50);padding-bottom:var(--wp--preset--spacing--60);padding-left:var(--wp--preset--spacing--50)\"><h2 class=\"wp-block-post-title\"><a href=\"https:\/\/2138845.cpsw-fcsei.com\/tp2\/wordpress\/himalaya-nepalais\/\" target=\"_self\" >Himalaya n\u00e9palais<\/a><\/h2>\n\n<div class=\"wp-block-post-date\"><time datetime=\"2023-05-14T17:56:05+02:00\">14 mai 2023<\/time><\/div><\/div>\n<\/div>\n\n<\/li><li class=\"wp-block-post post-34 post type-post status-publish format-standard has-post-thumbnail hentry category-voyage\">\n\n<div class=\"wp-block-group has-white-background-color has-background has-global-padding is-layout-constrained wp-container-core-group-is-layout-475bf589 wp-block-group-is-layout-constrained\" style=\"padding-top:0;padding-right:0;padding-bottom:0;padding-left:0\"><figure class=\"wp-block-post-featured-image\"><a href=\"https:\/\/2138845.cpsw-fcsei.com\/tp2\/wordpress\/alpes-suisses-et-francaises\/\" target=\"_self\"  ><img loading=\"lazy\" decoding=\"async\" width=\"1024\" height=\"650\" src=\"https:\/\/2138845.cpsw-fcsei.com\/tp2\/wordpress\/wp-content\/uploads\/2023\/05\/alpes.jpg\" class=\"attachment-post-thumbnail size-post-thumbnail wp-post-image\" alt=\"Alpes suisses et fran\u00e7aises\" style=\"object-fit:cover;\" srcset=\"https:\/\/2138845.cpsw-fcsei.com\/tp2\/wordpress\/wp-content\/uploads\/2023\/05\/alpes.jpg 1024w, https:\/\/2138845.cpsw-fcsei.com\/tp2\/wordpress\/wp-content\/uploads\/2023\/05\/alpes-300x190.jpg 300w, https:\/\/2138845.cpsw-fcsei.com\/tp2\/wordpress\/wp-content\/uploads\/2023\/05\/alpes-768x488.jpg 768w\" sizes=\"auto, (max-width: 1024px) 100vw, 1024px\" \/><\/a><\/figure>\n\n\n<div class=\"wp-block-group has-global-padding is-layout-constrained wp-container-core-group-is-layout-669aa78b wp-block-group-is-layout-constrained\" style=\"padding-top:var(--wp--preset--spacing--50);padding-right:var(--wp--preset--spacing--50);padding-bottom:var(--wp--preset--spacing--60);padding-left:var(--wp--preset--spacing--50)\"><h2 class=\"wp-block-post-title\"><a href=\"https:\/\/2138845.cpsw-fcsei.com\/tp2\/wordpress\/alpes-suisses-et-francaises\/\" target=\"_self\" >Alpes suisses et fran\u00e7aises<\/a><\/h2>\n\n<div class=\"wp-block-post-date\"><time datetime=\"2023-05-14T17:52:03+02:00\">14 mai 2023<\/time><\/div><\/div>\n<\/div>\n\n<\/li><li class=\"wp-block-post post-30 post type-post status-publish format-standard has-post-thumbnail hentry category-voyage\">\n\n<div class=\"wp-block-group has-white-background-color has-background has-global-padding is-layout-constrained wp-container-core-group-is-layout-475bf589 wp-block-group-is-layout-constrained\" style=\"padding-top:0;padding-right:0;padding-bottom:0;padding-left:0\"><figure class=\"wp-block-post-featured-image\"><a href=\"https:\/\/2138845.cpsw-fcsei.com\/tp2\/wordpress\/rocheuses-canadiennes\/\" target=\"_self\"  ><img loading=\"lazy\" decoding=\"async\" width=\"1024\" height=\"650\" src=\"https:\/\/2138845.cpsw-fcsei.com\/tp2\/wordpress\/wp-content\/uploads\/2023\/05\/rocheuse.jpg\" class=\"attachment-post-thumbnail size-post-thumbnail wp-post-image\" alt=\"Rocheuses canadiennes\" style=\"object-fit:cover;\" srcset=\"https:\/\/2138845.cpsw-fcsei.com\/tp2\/wordpress\/wp-content\/uploads\/2023\/05\/rocheuse.jpg 1024w, https:\/\/2138845.cpsw-fcsei.com\/tp2\/wordpress\/wp-content\/uploads\/2023\/05\/rocheuse-300x190.jpg 300w, https:\/\/2138845.cpsw-fcsei.com\/tp2\/wordpress\/wp-content\/uploads\/2023\/05\/rocheuse-768x488.jpg 768w\" sizes=\"auto, (max-width: 1024px) 100vw, 1024px\" \/><\/a><\/figure>\n\n\n<div class=\"wp-block-group has-global-padding is-layout-constrained wp-container-core-group-is-layout-669aa78b wp-block-group-is-layout-constrained\" style=\"padding-top:var(--wp--preset--spacing--50);padding-right:var(--wp--preset--spacing--50);padding-bottom:var(--wp--preset--spacing--60);padding-left:var(--wp--preset--spacing--50)\"><h2 class=\"wp-block-post-title\"><a href=\"https:\/\/2138845.cpsw-fcsei.com\/tp2\/wordpress\/rocheuses-canadiennes\/\" target=\"_self\" >Rocheuses canadiennes<\/a><\/h2>\n\n<div class=\"wp-block-post-date\"><time datetime=\"2023-05-14T17:49:39+02:00\">14 mai 2023<\/time><\/div><\/div>\n<\/div>\n\n<\/li><\/ul><\/div>\n<\/div>\n","protected":false},"excerpt":{"rendered":"<p>PROCHAINS VOYAGES Tous les voyages<\/p>\n","protected":false},"author":1,"featured_media":0,"parent":0,"menu_order":0,"comment_status":"closed","ping_status":"closed","template":"","meta":{"footnotes":""},"class_list":["post-8","page","type-page","status-publish","hentry"],"_links":{"self":[{"href":"https:\/\/2138845.cpsw-fcsei.com\/tp2\/wordpress\/wp-json\/wp\/v2\/pages\/8","targetHints":{"allow":["GET"]}}],"collection":[{"href":"https:\/\/2138845.cpsw-fcsei.com\/tp2\/wordpress\/wp-json\/wp\/v2\/pages"}],"about":[{"href":"https:\/\/2138845.cpsw-fcsei.com\/tp2\/wordpress\/wp-json\/wp\/v2\/types\/page"}],"author":[{"embeddable":true,"href":"https:\/\/2138845.cpsw-fcsei.com\/tp2\/wordpress\/wp-json\/wp\/v2\/users\/1"}],"replies":[{"embeddable":true,"href":"https:\/\/2138845.cpsw-fcsei.com\/tp2\/wordpress\/wp-json\/wp\/v2\/comments?post=8"}],"version-history":[{"count":65,"href":"https:\/\/2138845.cpsw-fcsei.com\/tp2\/wordpress\/wp-json\/wp\/v2\/pages\/8\/revisions"}],"predecessor-version":[{"id":389,"href":"https:\/\/2138845.cpsw-fcsei.com\/tp2\/wordpress\/wp-json\/wp\/v2\/pages\/8\/revisions\/389"}],"wp:attachment":[{"href":"https:\/\/2138845.cpsw-fcsei.com\/tp2\/wordpress\/wp-json\/wp\/v2\/media?parent=8"}],"curies":[{"name":"wp","href":"https:\/\/api.w.org\/{rel}","templated":true}]}}