{"id":26,"date":"2023-05-05T03:41:14","date_gmt":"2023-05-05T07:41:14","guid":{"rendered":"http:\/\/localhost\/wordpress\/?page_id=26"},"modified":"2023-05-13T11:51:47","modified_gmt":"2023-05-13T15:51:47","slug":"26-2","status":"publish","type":"page","link":"https:\/\/2138845.cpsw-fcsei.com\/wordpress\/26-2\/","title":{"rendered":"Voyages"},"content":{"rendered":"\n<h2 class=\"wp-block-heading\">Montagne du Qu\u00e9bec<\/h2>\n\n\n\n<p>Les montagnes qu\u00e9b\u00e9coises, situ\u00e9es dans l&rsquo;est du Canada, comprennent plusieurs chaines de montagnes notamment notre r\u00e9gions: Les Laurentides. Les montagnes offrent une multitude d&rsquo;activit\u00e9s et une vue imprenable sur les diff\u00e9rents lac et environnements diff\u00e9rents. Il est possible d&rsquo;y faire de la p\u00eache, du bateau, de la randonn\u00e9e, de l&rsquo;escalade et bien plus encore.<\/p>\n\n\n\n<figure class=\"wp-block-image size-large\"><img loading=\"lazy\" decoding=\"async\" width=\"1024\" height=\"578\" src=\"http:\/\/localhost\/wordpress\/wp-content\/uploads\/2023\/05\/mount-g608d2f043_1280-1024x578.jpg\" alt=\"\" class=\"wp-image-27\" srcset=\"https:\/\/2138845.cpsw-fcsei.com\/wordpress\/wp-content\/uploads\/2023\/05\/mount-g608d2f043_1280-1024x578.jpg 1024w, https:\/\/2138845.cpsw-fcsei.com\/wordpress\/wp-content\/uploads\/2023\/05\/mount-g608d2f043_1280-300x169.jpg 300w, https:\/\/2138845.cpsw-fcsei.com\/wordpress\/wp-content\/uploads\/2023\/05\/mount-g608d2f043_1280-768x434.jpg 768w, https:\/\/2138845.cpsw-fcsei.com\/wordpress\/wp-content\/uploads\/2023\/05\/mount-g608d2f043_1280.jpg 1280w\" sizes=\"auto, (max-width: 1024px) 100vw, 1024px\" \/><\/figure>\n\n\n\n<h2 class=\"wp-block-heading\">Rocheuses canadiennes<\/h2>\n\n\n\n<p>Les rocheuses canadiennes sont une cha\u00eene de montagnes s&rsquo;\u00e9tendant sur environ 1000 kilom\u00e8tres. Elles offrent \u00e9galement une vue imprenable sur des environnements \u00e9poustouflants et offrent sensiblement les m\u00eames activit\u00e9s que les montagnes qu\u00e9b\u00e9coises \u00e0 savoir la p\u00eache, le bateau, la randonn\u00e9e et l&rsquo;escalade<\/p>\n\n\n\n<figure class=\"wp-block-image size-large\"><img loading=\"lazy\" decoding=\"async\" width=\"1024\" height=\"690\" src=\"http:\/\/localhost\/wordpress\/wp-content\/uploads\/2023\/05\/alberta-gdb922aea3_1280-1024x690.jpg\" alt=\"\" class=\"wp-image-28\" srcset=\"https:\/\/2138845.cpsw-fcsei.com\/wordpress\/wp-content\/uploads\/2023\/05\/alberta-gdb922aea3_1280-1024x690.jpg 1024w, https:\/\/2138845.cpsw-fcsei.com\/wordpress\/wp-content\/uploads\/2023\/05\/alberta-gdb922aea3_1280-300x202.jpg 300w, https:\/\/2138845.cpsw-fcsei.com\/wordpress\/wp-content\/uploads\/2023\/05\/alberta-gdb922aea3_1280-768x517.jpg 768w, https:\/\/2138845.cpsw-fcsei.com\/wordpress\/wp-content\/uploads\/2023\/05\/alberta-gdb922aea3_1280.jpg 1280w\" sizes=\"auto, (max-width: 1024px) 100vw, 1024px\" \/><\/figure>\n\n\n\n<h2 class=\"wp-block-heading\">Alpes suisses et fran\u00e7aises<\/h2>\n\n\n\n<p>Les alpes sont une des plus grandes cha\u00eenes de montagnes d&rsquo;Europe. Elles s&rsquo;\u00e9tendent sur plus de 1200 kilom\u00e8tres sur plusieurs pays dont la France et la suisse.<\/p>\n\n\n\n<p>-Les alpes suisses sont reconnus pour leurs environnements montagneux mais \u00e9galement pour leurs stations de ski reconnues mondialement. Ce sont des montagnes parfaites pour le ski, le snowboard et la raquette.<\/p>\n\n\n\n<p>-Pour ce qui est des alpes fran\u00e7aises, comprend, tout comme en Suisse, le massif du Mont-Blanc s&rsquo;\u00e9tendant sur plusieurs pays. Ses paysages sont \u00e9galement \u00e0 couper le souffle et comprend certaines des stations de skis les plus connues comme Chamonix.<\/p>\n\n\n\n<figure class=\"wp-block-image size-large is-style-default\"><img loading=\"lazy\" decoding=\"async\" width=\"1024\" height=\"683\" src=\"http:\/\/localhost\/wordpress\/wp-content\/uploads\/2023\/05\/schilthorn-gb77ac3712_1280-1024x683.jpg\" alt=\"\" class=\"wp-image-30\" srcset=\"https:\/\/2138845.cpsw-fcsei.com\/wordpress\/wp-content\/uploads\/2023\/05\/schilthorn-gb77ac3712_1280-1024x683.jpg 1024w, https:\/\/2138845.cpsw-fcsei.com\/wordpress\/wp-content\/uploads\/2023\/05\/schilthorn-gb77ac3712_1280-300x200.jpg 300w, https:\/\/2138845.cpsw-fcsei.com\/wordpress\/wp-content\/uploads\/2023\/05\/schilthorn-gb77ac3712_1280-768x512.jpg 768w, https:\/\/2138845.cpsw-fcsei.com\/wordpress\/wp-content\/uploads\/2023\/05\/schilthorn-gb77ac3712_1280.jpg 1280w\" sizes=\"auto, (max-width: 1024px) 100vw, 1024px\" \/><\/figure>\n\n\n\n<h2 class=\"wp-block-heading\">Himalaya n\u00e9palais<\/h2>\n\n\n\n<p>L&rsquo;Himalaya, c\u00e9l\u00e8bre cha\u00eene de montagnes du N\u00e9pal, compte les sommets les plus hauts du monde comme les tr\u00e8s c\u00e9l\u00e8bre Mont \u00c9verest. Elle compte \u00e9galement une foule de communaut\u00e9s ethniques depuis tr\u00e8s longtemps. L&rsquo;alpinisme, l&rsquo;escalade, le parapente et le rafting font parties des activit\u00e9s les plus populaire de cet endroit. Malgr\u00e9 tout, les conditions particuli\u00e8res en font un endroit parfait pour les personnes exp\u00e9riment\u00e9es.<\/p>\n\n\n\n<figure class=\"wp-block-image size-large\"><img loading=\"lazy\" decoding=\"async\" width=\"1024\" height=\"682\" src=\"http:\/\/localhost\/wordpress\/wp-content\/uploads\/2023\/05\/ama-dablam-gdb17ea202_1280-1024x682.jpg\" alt=\"\" class=\"wp-image-31\" srcset=\"https:\/\/2138845.cpsw-fcsei.com\/wordpress\/wp-content\/uploads\/2023\/05\/ama-dablam-gdb17ea202_1280-1024x682.jpg 1024w, https:\/\/2138845.cpsw-fcsei.com\/wordpress\/wp-content\/uploads\/2023\/05\/ama-dablam-gdb17ea202_1280-300x200.jpg 300w, https:\/\/2138845.cpsw-fcsei.com\/wordpress\/wp-content\/uploads\/2023\/05\/ama-dablam-gdb17ea202_1280-768x512.jpg 768w, https:\/\/2138845.cpsw-fcsei.com\/wordpress\/wp-content\/uploads\/2023\/05\/ama-dablam-gdb17ea202_1280.jpg 1280w\" sizes=\"auto, (max-width: 1024px) 100vw, 1024px\" \/><\/figure>\n","protected":false},"excerpt":{"rendered":"<p>Montagne du Qu\u00e9bec Les montagnes qu\u00e9b\u00e9coises, situ\u00e9es dans l&rsquo;est du Canada, comprennent plusieurs chaines de montagnes notamment notre r\u00e9gions: Les Laurentides. Les montagnes offrent une multitude d&rsquo;activit\u00e9s et une vue imprenable sur les diff\u00e9rents lac et environnements diff\u00e9rents. Il est possible d&rsquo;y faire de la p\u00eache, du bateau, de la randonn\u00e9e, de l&rsquo;escalade et bien [&hellip;]<\/p>\n","protected":false},"author":1,"featured_media":0,"parent":0,"menu_order":0,"comment_status":"closed","ping_status":"closed","template":"","meta":{"footnotes":""},"class_list":["post-26","page","type-page","status-publish","hentry"],"_links":{"self":[{"href":"https:\/\/2138845.cpsw-fcsei.com\/wordpress\/wp-json\/wp\/v2\/pages\/26","targetHints":{"allow":["GET"]}}],"collection":[{"href":"https:\/\/2138845.cpsw-fcsei.com\/wordpress\/wp-json\/wp\/v2\/pages"}],"about":[{"href":"https:\/\/2138845.cpsw-fcsei.com\/wordpress\/wp-json\/wp\/v2\/types\/page"}],"author":[{"embeddable":true,"href":"https:\/\/2138845.cpsw-fcsei.com\/wordpress\/wp-json\/wp\/v2\/users\/1"}],"replies":[{"embeddable":true,"href":"https:\/\/2138845.cpsw-fcsei.com\/wordpress\/wp-json\/wp\/v2\/comments?post=26"}],"version-history":[{"count":6,"href":"https:\/\/2138845.cpsw-fcsei.com\/wordpress\/wp-json\/wp\/v2\/pages\/26\/revisions"}],"predecessor-version":[{"id":77,"href":"https:\/\/2138845.cpsw-fcsei.com\/wordpress\/wp-json\/wp\/v2\/pages\/26\/revisions\/77"}],"wp:attachment":[{"href":"https:\/\/2138845.cpsw-fcsei.com\/wordpress\/wp-json\/wp\/v2\/media?parent=26"}],"curies":[{"name":"wp","href":"https:\/\/api.w.org\/{rel}","templated":true}]}}