{"id":35,"date":"2023-05-06T00:45:55","date_gmt":"2023-05-06T04:45:55","guid":{"rendered":"http:\/\/2138845.cpsw-fcsei.com\/wordpress\/?page_id=35"},"modified":"2023-05-06T02:16:14","modified_gmt":"2023-05-06T06:16:14","slug":"35-2","status":"publish","type":"page","link":"https:\/\/2138845.cpsw-fcsei.com\/wordpress\/35-2\/","title":{"rendered":"Notre \u00e9quipe"},"content":{"rendered":"\n<h2 class=\"wp-block-heading has-text-align-center\">Jacques Hamel<\/h2>\n\n\n\n<h4 class=\"wp-block-heading has-text-align-center\">20 ans d\u2019exp\u00e9rience<\/h4>\n\n\n\n<figure class=\"wp-block-image aligncenter size-large is-resized\"><img loading=\"lazy\" decoding=\"async\" src=\"http:\/\/2138845.cpsw-fcsei.com\/wordpress\/wp-content\/uploads\/2023\/05\/entrepreneur-g258e57ffd_1280-1024x683.jpg\" alt=\"\" class=\"wp-image-36\" width=\"605\" height=\"403\" srcset=\"https:\/\/2138845.cpsw-fcsei.com\/wordpress\/wp-content\/uploads\/2023\/05\/entrepreneur-g258e57ffd_1280-1024x683.jpg 1024w, https:\/\/2138845.cpsw-fcsei.com\/wordpress\/wp-content\/uploads\/2023\/05\/entrepreneur-g258e57ffd_1280-300x200.jpg 300w, https:\/\/2138845.cpsw-fcsei.com\/wordpress\/wp-content\/uploads\/2023\/05\/entrepreneur-g258e57ffd_1280-768x512.jpg 768w, https:\/\/2138845.cpsw-fcsei.com\/wordpress\/wp-content\/uploads\/2023\/05\/entrepreneur-g258e57ffd_1280.jpg 1280w\" sizes=\"auto, (max-width: 605px) 100vw, 605px\" \/><\/figure>\n\n\n\n<p class=\"has-text-align-center\">Jacques Hamel est un passionn\u00e9 de plein air et un expert en technologie qui apporte son expertise au sein de notre entreprise de voyages de randonn\u00e9e. Avec sa solide exp\u00e9rience en d\u00e9veloppement web, Jacques est responsable de la conception et de la maintenance de notre site internet, ainsi que du d\u00e9veloppement d&rsquo;applications mobiles pour faciliter la r\u00e9servation des voyages. Gr\u00e2ce \u00e0 sa connaissance des derni\u00e8res technologies et \u00e0 son amour pour la nature, Jacques contribue \u00e0 offrir une exp\u00e9rience en ligne fluide et engageante pour nos clients. En dehors du travail, Jacques adore partir en randonn\u00e9e dans les montagnes et explorer de nouveaux sentiers.<\/p>\n\n\n\n<h2 class=\"wp-block-heading has-text-align-center\">Sophie Patel<\/h2>\n\n\n\n<h4 class=\"wp-block-heading has-text-align-center\">11 ans d&rsquo;exp\u00e9rience<\/h4>\n\n\n\n<figure class=\"wp-block-image aligncenter size-large is-resized\"><img loading=\"lazy\" decoding=\"async\" src=\"http:\/\/2138845.cpsw-fcsei.com\/wordpress\/wp-content\/uploads\/2023\/05\/woman-ga50c49177_1280-1024x683.jpg\" alt=\"\" class=\"wp-image-37\" width=\"603\" height=\"402\" srcset=\"https:\/\/2138845.cpsw-fcsei.com\/wordpress\/wp-content\/uploads\/2023\/05\/woman-ga50c49177_1280-1024x683.jpg 1024w, https:\/\/2138845.cpsw-fcsei.com\/wordpress\/wp-content\/uploads\/2023\/05\/woman-ga50c49177_1280-300x200.jpg 300w, https:\/\/2138845.cpsw-fcsei.com\/wordpress\/wp-content\/uploads\/2023\/05\/woman-ga50c49177_1280-768x512.jpg 768w, https:\/\/2138845.cpsw-fcsei.com\/wordpress\/wp-content\/uploads\/2023\/05\/woman-ga50c49177_1280.jpg 1280w\" sizes=\"auto, (max-width: 603px) 100vw, 603px\" \/><\/figure>\n\n\n\n<p class=\"has-text-align-center\">Sophie Patel est une marketeuse cr\u00e9ative et une passionn\u00e9e de voyages. En tant que responsable du marketing num\u00e9rique de notre entreprise de voyages de randonn\u00e9e, Sophie est charg\u00e9e de promouvoir nos voyages aupr\u00e8s d&rsquo;un large public. Gr\u00e2ce \u00e0 sa ma\u00eetrise des m\u00e9dias sociaux, du r\u00e9f\u00e9rencement et du marketing en ligne, elle \u00e9labore des strat\u00e9gies efficaces pour attirer de nouveaux clients et renforcer la pr\u00e9sence de notre entreprise sur le march\u00e9. Sophie s&rsquo;inspire de sa propre exp\u00e9rience de randonneuse et utilise sa cr\u00e9ativit\u00e9 pour cr\u00e9er du contenu engageant qui suscite l&rsquo;envie de d\u00e9couvrir de nouveaux sentiers.<\/p>\n\n\n\n<h2 class=\"wp-block-heading has-text-align-center\">Lucas Ramirez<\/h2>\n\n\n\n<h4 class=\"wp-block-heading has-text-align-center\"><mark style=\"background-color:rgba(0, 0, 0, 0)\" class=\"has-inline-color has-black-color\">6 ans d\u2019exp\u00e9rience<\/mark><\/h4>\n\n\n\n<figure class=\"wp-block-image aligncenter size-large is-resized\"><img loading=\"lazy\" decoding=\"async\" src=\"http:\/\/2138845.cpsw-fcsei.com\/wordpress\/wp-content\/uploads\/2023\/05\/man-g5e0e64514_1280-1-1024x682.jpg\" alt=\"\" class=\"wp-image-39\" width=\"603\" height=\"401\" srcset=\"https:\/\/2138845.cpsw-fcsei.com\/wordpress\/wp-content\/uploads\/2023\/05\/man-g5e0e64514_1280-1-1024x682.jpg 1024w, https:\/\/2138845.cpsw-fcsei.com\/wordpress\/wp-content\/uploads\/2023\/05\/man-g5e0e64514_1280-1-300x200.jpg 300w, https:\/\/2138845.cpsw-fcsei.com\/wordpress\/wp-content\/uploads\/2023\/05\/man-g5e0e64514_1280-1-768x512.jpg 768w, https:\/\/2138845.cpsw-fcsei.com\/wordpress\/wp-content\/uploads\/2023\/05\/man-g5e0e64514_1280-1.jpg 1280w\" sizes=\"auto, (max-width: 603px) 100vw, 603px\" \/><\/figure>\n\n\n\n<p class=\"has-text-align-center\">Lucas Ramirez est un talentueux graphiste et un amateur de paysages grandioses. En tant que designer graphique au sein de notre entreprise de voyages de randonn\u00e9e, Lucas est responsable de la cr\u00e9ation d&rsquo;images visuellement attrayantes pour nos supports marketing. Que ce soit pour des brochures, des affiches ou des visuels en ligne, Lucas met en valeur la beaut\u00e9 des destinations de randonn\u00e9e que nous proposons. Son sens artistique et sa ma\u00eetrise des outils de conception lui permettent de capturer l&rsquo;esprit de l&rsquo;aventure et de cr\u00e9er une identit\u00e9 visuelle forte pour notre entreprise. En dehors du travail, Lucas aime explorer les sentiers de randonn\u00e9e et immortaliser les paysages \u00e0 travers ses propres photographies.<\/p>\n","protected":false},"excerpt":{"rendered":"<p>Jacques Hamel 20 ans d\u2019exp\u00e9rience Jacques Hamel est un passionn\u00e9 de plein air et un expert en technologie qui apporte son expertise au sein de notre entreprise de voyages de randonn\u00e9e. Avec sa solide exp\u00e9rience en d\u00e9veloppement web, Jacques est responsable de la conception et de la maintenance de notre site internet, ainsi que du [&hellip;]<\/p>\n","protected":false},"author":1,"featured_media":0,"parent":0,"menu_order":0,"comment_status":"closed","ping_status":"closed","template":"","meta":{"footnotes":""},"class_list":["post-35","page","type-page","status-publish","hentry"],"_links":{"self":[{"href":"https:\/\/2138845.cpsw-fcsei.com\/wordpress\/wp-json\/wp\/v2\/pages\/35","targetHints":{"allow":["GET"]}}],"collection":[{"href":"https:\/\/2138845.cpsw-fcsei.com\/wordpress\/wp-json\/wp\/v2\/pages"}],"about":[{"href":"https:\/\/2138845.cpsw-fcsei.com\/wordpress\/wp-json\/wp\/v2\/types\/page"}],"author":[{"embeddable":true,"href":"https:\/\/2138845.cpsw-fcsei.com\/wordpress\/wp-json\/wp\/v2\/users\/1"}],"replies":[{"embeddable":true,"href":"https:\/\/2138845.cpsw-fcsei.com\/wordpress\/wp-json\/wp\/v2\/comments?post=35"}],"version-history":[{"count":3,"href":"https:\/\/2138845.cpsw-fcsei.com\/wordpress\/wp-json\/wp\/v2\/pages\/35\/revisions"}],"predecessor-version":[{"id":58,"href":"https:\/\/2138845.cpsw-fcsei.com\/wordpress\/wp-json\/wp\/v2\/pages\/35\/revisions\/58"}],"wp:attachment":[{"href":"https:\/\/2138845.cpsw-fcsei.com\/wordpress\/wp-json\/wp\/v2\/media?parent=35"}],"curies":[{"name":"wp","href":"https:\/\/api.w.org\/{rel}","templated":true}]}}