{"id":54,"date":"2023-05-06T02:14:28","date_gmt":"2023-05-06T06:14:28","guid":{"rendered":"http:\/\/2138845.cpsw-fcsei.com\/wordpress\/?page_id=54"},"modified":"2023-05-06T02:14:59","modified_gmt":"2023-05-06T06:14:59","slug":"54-2","status":"publish","type":"page","link":"https:\/\/2138845.cpsw-fcsei.com\/wordpress\/54-2\/","title":{"rendered":"Nous joindre"},"content":{"rendered":"\n<h4 class=\"wp-block-heading\">Nous sommes heureux de vous aider avec toutes vos questions et demandes de renseignements. Voici les diff\u00e9rentes fa\u00e7ons de nous joindre:<\/h4>\n\n\n\n<ul class=\"wp-block-list\">\n<li>Par courriel:\n<ul class=\"wp-block-list\">\n<li> Pour toute question ou demande de renseignements, veuillez envoyer un courriel \u00e0 notre \u00e9quipe \u00e0 l&rsquo;adresse suivante: info@montagnesduquebec.com. Nous ferons de notre mieux pour r\u00e9pondre \u00e0 votre demande dans les plus brefs d\u00e9lais.<\/li>\n<\/ul>\n<\/li>\n\n\n\n<li>Par t\u00e9l\u00e9phone:  \n<ul class=\"wp-block-list\">\n<li>Si vous pr\u00e9f\u00e9rez parler directement avec un membre de notre \u00e9quipe, n&rsquo;h\u00e9sitez pas \u00e0 nous appeler au num\u00e9ro suivant: +1 (514) 555-1234. Nous sommes disponibles du lundi au vendredi de 9h00 \u00e0 17h00 (heure de l&rsquo;Est).<\/li>\n<\/ul>\n<\/li>\n\n\n\n<li>Par courrier: \n<ul class=\"wp-block-list\">\n<li>Si vous pr\u00e9f\u00e9rez nous envoyer une lettre, vous pouvez le faire \u00e0 l&rsquo;adresse suivante: MontVoyage 123 rue de la Montagne Montr\u00e9al, Qu\u00e9bec, Canada H1H 1H1<\/li>\n<\/ul>\n<\/li>\n\n\n\n<li>R\u00e9seaux sociaux: Vous pouvez \u00e9galement nous contacter via les r\u00e9seaux sociaux en nous envoyant un message priv\u00e9 sur notre page Facebook ou notre compte Instagram. Nous sommes disponibles pour r\u00e9pondre \u00e0 vos questions et vous aider de cette fa\u00e7on \u00e9galement.<\/li>\n<\/ul>\n\n\n\n<p><strong>Nous sommes impatients de vous aider \u00e0 planifier votre prochaine aventure de randonn\u00e9e en montagne avec MontVoyage.<\/strong><\/p>\n","protected":false},"excerpt":{"rendered":"<p>Nous sommes heureux de vous aider avec toutes vos questions et demandes de renseignements. Voici les diff\u00e9rentes fa\u00e7ons de nous joindre: Nous sommes impatients de vous aider \u00e0 planifier votre prochaine aventure de randonn\u00e9e en montagne avec MontVoyage.<\/p>\n","protected":false},"author":1,"featured_media":0,"parent":0,"menu_order":0,"comment_status":"closed","ping_status":"closed","template":"","meta":{"footnotes":""},"class_list":["post-54","page","type-page","status-publish","hentry"],"_links":{"self":[{"href":"https:\/\/2138845.cpsw-fcsei.com\/wordpress\/wp-json\/wp\/v2\/pages\/54","targetHints":{"allow":["GET"]}}],"collection":[{"href":"https:\/\/2138845.cpsw-fcsei.com\/wordpress\/wp-json\/wp\/v2\/pages"}],"about":[{"href":"https:\/\/2138845.cpsw-fcsei.com\/wordpress\/wp-json\/wp\/v2\/types\/page"}],"author":[{"embeddable":true,"href":"https:\/\/2138845.cpsw-fcsei.com\/wordpress\/wp-json\/wp\/v2\/users\/1"}],"replies":[{"embeddable":true,"href":"https:\/\/2138845.cpsw-fcsei.com\/wordpress\/wp-json\/wp\/v2\/comments?post=54"}],"version-history":[{"count":2,"href":"https:\/\/2138845.cpsw-fcsei.com\/wordpress\/wp-json\/wp\/v2\/pages\/54\/revisions"}],"predecessor-version":[{"id":56,"href":"https:\/\/2138845.cpsw-fcsei.com\/wordpress\/wp-json\/wp\/v2\/pages\/54\/revisions\/56"}],"wp:attachment":[{"href":"https:\/\/2138845.cpsw-fcsei.com\/wordpress\/wp-json\/wp\/v2\/media?parent=54"}],"curies":[{"name":"wp","href":"https:\/\/api.w.org\/{rel}","templated":true}]}}